{"id":149,"date":"2016-10-19T17:24:26","date_gmt":"2016-10-19T17:24:26","guid":{"rendered":"http:\/\/fitness3.mythemecloud.io\/?page_id=149"},"modified":"2016-10-19T17:24:26","modified_gmt":"2016-10-19T17:24:26","slug":"blog","status":"publish","type":"page","link":"https:\/\/klubmyszki.zgora.pl\/?page_id=149","title":{"rendered":"Blog"},"content":{"rendered":"","protected":false},"excerpt":{"rendered":"","protected":false},"author":1,"featured_media":0,"parent":0,"menu_order":0,"comment_status":"closed","ping_status":"closed","template":"","meta":[],"yoast_head":"<!-- This site is optimized with the Yoast SEO plugin v19.13 - https:\/\/yoast.com\/wordpress\/plugins\/seo\/ -->\n<title>Blog - KLUB MALUCHA Domek Myszki Miki<\/title>\n<meta name=\"robots\" content=\"index, follow, max-snippet:-1, max-image-preview:large, max-video-preview:-1\" \/>\n<link rel=\"canonical\" href=\"https:\/\/klubmyszki.zgora.pl\/?page_id=149\" \/>\n<meta property=\"og:locale\" content=\"pl_PL\" \/>\n<meta property=\"og:type\" content=\"article\" \/>\n<meta property=\"og:title\" content=\"Blog - KLUB MALUCHA Domek Myszki Miki\" \/>\n<meta property=\"og:url\" content=\"https:\/\/klubmyszki.zgora.pl\/?page_id=149\" \/>\n<meta property=\"og:site_name\" content=\"KLUB MALUCHA Domek Myszki Miki\" \/>\n<meta name=\"twitter:card\" content=\"summary_large_image\" \/>\n<script type=\"application\/ld+json\" class=\"yoast-schema-graph\">{\"@context\":\"https:\/\/schema.org\",\"@graph\":[{\"@type\":[\"WebPage\",\"CollectionPage\"],\"@id\":\"https:\/\/klubmyszki.zgora.pl\/?page_id=149\",\"url\":\"https:\/\/klubmyszki.zgora.pl\/?page_id=149\",\"name\":\"Blog - KLUB MALUCHA Domek Myszki Miki\",\"isPartOf\":{\"@id\":\"https:\/\/server235121.nazwa.pl\/wordpress\/wpn_pierwszainstalacja\/#website\"},\"datePublished\":\"2016-10-19T17:24:26+00:00\",\"dateModified\":\"2016-10-19T17:24:26+00:00\",\"breadcrumb\":{\"@id\":\"https:\/\/klubmyszki.zgora.pl\/?page_id=149#breadcrumb\"},\"inLanguage\":\"pl-PL\"},{\"@type\":\"BreadcrumbList\",\"@id\":\"https:\/\/klubmyszki.zgora.pl\/?page_id=149#breadcrumb\",\"itemListElement\":[{\"@type\":\"ListItem\",\"position\":1,\"name\":\"Home\",\"item\":\"https:\/\/klubmyszki.zgora.pl\/\"},{\"@type\":\"ListItem\",\"position\":2,\"name\":\"Blog\"}]},{\"@type\":\"WebSite\",\"@id\":\"https:\/\/server235121.nazwa.pl\/wordpress\/wpn_pierwszainstalacja\/#website\",\"url\":\"https:\/\/server235121.nazwa.pl\/wordpress\/wpn_pierwszainstalacja\/\",\"name\":\"KLUB MALUCHA Domek Myszki Miki\",\"description\":\"\u017b\u0142obek, opieka nad dzie\u0107mi\",\"potentialAction\":[{\"@type\":\"SearchAction\",\"target\":{\"@type\":\"EntryPoint\",\"urlTemplate\":\"https:\/\/server235121.nazwa.pl\/wordpress\/wpn_pierwszainstalacja\/?s={search_term_string}\"},\"query-input\":\"required name=search_term_string\"}],\"inLanguage\":\"pl-PL\"}]}<\/script>\n<!-- \/ Yoast SEO plugin. -->","yoast_head_json":{"title":"Blog - KLUB MALUCHA Domek Myszki Miki","robots":{"index":"index","follow":"follow","max-snippet":"max-snippet:-1","max-image-preview":"max-image-preview:large","max-video-preview":"max-video-preview:-1"},"canonical":"https:\/\/klubmyszki.zgora.pl\/?page_id=149","og_locale":"pl_PL","og_type":"article","og_title":"Blog - KLUB MALUCHA Domek Myszki Miki","og_url":"https:\/\/klubmyszki.zgora.pl\/?page_id=149","og_site_name":"KLUB MALUCHA Domek Myszki Miki","twitter_card":"summary_large_image","schema":{"@context":"https:\/\/schema.org","@graph":[{"@type":["WebPage","CollectionPage"],"@id":"https:\/\/klubmyszki.zgora.pl\/?page_id=149","url":"https:\/\/klubmyszki.zgora.pl\/?page_id=149","name":"Blog - KLUB MALUCHA Domek Myszki Miki","isPartOf":{"@id":"https:\/\/server235121.nazwa.pl\/wordpress\/wpn_pierwszainstalacja\/#website"},"datePublished":"2016-10-19T17:24:26+00:00","dateModified":"2016-10-19T17:24:26+00:00","breadcrumb":{"@id":"https:\/\/klubmyszki.zgora.pl\/?page_id=149#breadcrumb"},"inLanguage":"pl-PL"},{"@type":"BreadcrumbList","@id":"https:\/\/klubmyszki.zgora.pl\/?page_id=149#breadcrumb","itemListElement":[{"@type":"ListItem","position":1,"name":"Home","item":"https:\/\/klubmyszki.zgora.pl\/"},{"@type":"ListItem","position":2,"name":"Blog"}]},{"@type":"WebSite","@id":"https:\/\/server235121.nazwa.pl\/wordpress\/wpn_pierwszainstalacja\/#website","url":"https:\/\/server235121.nazwa.pl\/wordpress\/wpn_pierwszainstalacja\/","name":"KLUB MALUCHA Domek Myszki Miki","description":"\u017b\u0142obek, opieka nad dzie\u0107mi","potentialAction":[{"@type":"SearchAction","target":{"@type":"EntryPoint","urlTemplate":"https:\/\/server235121.nazwa.pl\/wordpress\/wpn_pierwszainstalacja\/?s={search_term_string}"},"query-input":"required name=search_term_string"}],"inLanguage":"pl-PL"}]}},"_links":{"self":[{"href":"https:\/\/klubmyszki.zgora.pl\/index.php?rest_route=\/wp\/v2\/pages\/149"}],"collection":[{"href":"https:\/\/klubmyszki.zgora.pl\/index.php?rest_route=\/wp\/v2\/pages"}],"about":[{"href":"https:\/\/klubmyszki.zgora.pl\/index.php?rest_route=\/wp\/v2\/types\/page"}],"author":[{"embeddable":true,"href":"https:\/\/klubmyszki.zgora.pl\/index.php?rest_route=\/wp\/v2\/users\/1"}],"replies":[{"embeddable":true,"href":"https:\/\/klubmyszki.zgora.pl\/index.php?rest_route=%2Fwp%2Fv2%2Fcomments&post=149"}],"version-history":[{"count":1,"href":"https:\/\/klubmyszki.zgora.pl\/index.php?rest_route=\/wp\/v2\/pages\/149\/revisions"}],"predecessor-version":[{"id":608,"href":"https:\/\/klubmyszki.zgora.pl\/index.php?rest_route=\/wp\/v2\/pages\/149\/revisions\/608"}],"wp:attachment":[{"href":"https:\/\/klubmyszki.zgora.pl\/index.php?rest_route=%2Fwp%2Fv2%2Fmedia&parent=149"}],"curies":[{"name":"wp","href":"https:\/\/api.w.org\/{rel}","templated":true}]}}